{"id":6,"date":"2015-03-04T14:15:19","date_gmt":"2015-03-04T13:15:19","guid":{"rendered":"http:\/\/hiemann-bau.de\/wordpress\/?page_id=6"},"modified":"2018-05-30T10:09:16","modified_gmt":"2018-05-30T08:09:16","slug":"wir","status":"publish","type":"page","link":"https:\/\/hiemann-bau.de\/?page_id=6","title":{"rendered":"\u00dcber uns"},"content":{"rendered":"<p><strong><a href=\"https:\/\/hiemann-bau.de\/wp-content\/uploads\/2015\/03\/steine-e1425828670275.jpg\"><img loading=\"lazy\" class=\" wp-image-29 size-thumbnail alignright\" src=\"https:\/\/hiemann-bau.de\/wp-content\/uploads\/2015\/03\/steine-e1425828670275-150x150.jpg\" alt=\"\" width=\"150\" height=\"150\" \/><\/a>Die Fa.Frank Hiemann wurde 1997 nach der Meisterpr\u00fcfung gegr\u00fcndet,und wird seitdem als Familienunternehmen gef\u00fchrt. Bei uns packt jeder mit an.<\/strong><\/p>\n<p>Nachdem die Lagerfl\u00e4che in S\u00f6llingen knapp wurde, konnten wir mit dem Erwerb von Gewerbefl\u00e4che in Gondelsheim im Jahre 2006<br \/>unsere Lagerkapazit\u00e4t und unseren Maschinenpark erweitern.<\/p>\n<p>Verschiedene Sch\u00fcttg\u00fcter ( Schotter \/ Splitt \/ Sand ) k\u00f6nnen jetzt in gr\u00f6\u00dferen Mengen gelagert werden, und auch unser Fuhr,- und Maschinenpark hat hier genug Platz.<\/p>\n<p>Wir legen allergr\u00f6\u00dften Wert auf zufriedene Kunden, weshalb auch Qualit\u00e4t und Kundenn\u00e4he an erster Stelle stehen.<\/p>\n<p><strong>Unsere Mitarbeiter sind gelernte Fachkr\u00e4fte und auch der Chef steht Ihnen mit Rat und Tat zur Seite.<\/strong><\/p>\n<p>Wir sch\u00e4tzen das Gespr\u00e4ch mit unseren Kunden sehr, haben f\u00fcr jeden ein offenes Ohr und wir kommen auch wenn sie nur ein kleines Anliegen haben !<\/p>\n","protected":false},"excerpt":{"rendered":"<p>Die Fa.Frank Hiemann wurde 1997 nach der Meisterpr\u00fcfung gegr\u00fcndet,und wird seitdem als Familienunternehmen gef\u00fchrt. Bei uns packt jeder mit an. Nachdem die Lagerfl\u00e4che in S\u00f6llingen knapp wurde, konnten wir mit dem Erwerb von Gewerbefl\u00e4che in Gondelsheim im Jahre 2006unsere Lagerkapazit\u00e4t und unseren Maschinenpark erweitern. Verschiedene Sch\u00fcttg\u00fcter ( Schotter \/ Splitt \/ Sand ) k\u00f6nnen jetzt&#8230;<\/p>\n","protected":false},"author":1,"featured_media":0,"parent":0,"menu_order":0,"comment_status":"closed","ping_status":"closed","template":"","meta":{"ngg_post_thumbnail":0},"_links":{"self":[{"href":"https:\/\/hiemann-bau.de\/index.php?rest_route=\/wp\/v2\/pages\/6"}],"collection":[{"href":"https:\/\/hiemann-bau.de\/index.php?rest_route=\/wp\/v2\/pages"}],"about":[{"href":"https:\/\/hiemann-bau.de\/index.php?rest_route=\/wp\/v2\/types\/page"}],"author":[{"embeddable":true,"href":"https:\/\/hiemann-bau.de\/index.php?rest_route=\/wp\/v2\/users\/1"}],"replies":[{"embeddable":true,"href":"https:\/\/hiemann-bau.de\/index.php?rest_route=%2Fwp%2Fv2%2Fcomments&post=6"}],"version-history":[{"count":12,"href":"https:\/\/hiemann-bau.de\/index.php?rest_route=\/wp\/v2\/pages\/6\/revisions"}],"predecessor-version":[{"id":372,"href":"https:\/\/hiemann-bau.de\/index.php?rest_route=\/wp\/v2\/pages\/6\/revisions\/372"}],"wp:attachment":[{"href":"https:\/\/hiemann-bau.de\/index.php?rest_route=%2Fwp%2Fv2%2Fmedia&parent=6"}],"curies":[{"name":"wp","href":"https:\/\/api.w.org\/{rel}","templated":true}]}}